{"id":712,"date":"2024-10-10T23:09:06","date_gmt":"2024-10-11T02:09:06","guid":{"rendered":"https:\/\/www.masstudio.dev\/samadhi\/?page_id=712"},"modified":"2024-11-04T20:17:19","modified_gmt":"2024-11-04T23:17:19","slug":"terminos-y-condiciones","status":"publish","type":"page","link":"https:\/\/www.samadhiecoresort.com\/pt\/terminos-y-condiciones\/","title":{"rendered":"T\u00e9rminos y Condiciones"},"content":{"rendered":"<div data-elementor-type=\"wp-page\" data-elementor-id=\"712\" class=\"elementor elementor-712\" data-elementor-post-type=\"page\">\n\t\t\t\t\t\t<section class=\"elementor-section elementor-top-section elementor-element elementor-element-383c911d elementor-section-boxed elementor-section-height-default elementor-section-height-default\" data-id=\"383c911d\" data-element_type=\"section\" data-e-type=\"section\" data-settings=\"{&quot;background_background&quot;:&quot;classic&quot;}\">\n\t\t\t\t\t\t\t<div class=\"elementor-background-overlay\"><\/div>\n\t\t\t\t\t\t\t<div class=\"elementor-container elementor-column-gap-default\">\n\t\t\t\t\t<div class=\"elementor-column elementor-col-100 elementor-top-column elementor-element elementor-element-5cdd4260\" data-id=\"5cdd4260\" data-element_type=\"column\" data-e-type=\"column\">\n\t\t\t<div class=\"elementor-widget-wrap elementor-element-populated\">\n\t\t\t\t\t\t<div class=\"elementor-element elementor-element-39465cb1 elementor-widget elementor-widget-heading\" data-id=\"39465cb1\" data-element_type=\"widget\" data-e-type=\"widget\" data-widget_type=\"heading.default\">\n\t\t\t\t\t<h2 class=\"elementor-heading-title elementor-size-default\">T\u00e9rminos y Condiciones<\/h2>\t\t\t\t<\/div>\n\t\t\t\t\t<\/div>\n\t\t<\/div>\n\t\t\t\t\t<\/div>\n\t\t<\/section>\n\t\t<div class=\"elementor-element elementor-element-e7c7eac e-flex e-con-boxed e-con e-parent\" data-id=\"e7c7eac\" data-element_type=\"container\" data-e-type=\"container\" data-settings=\"{&quot;background_background&quot;:&quot;classic&quot;}\">\n\t\t\t\t\t<div class=\"e-con-inner\">\n\t\t<div class=\"elementor-element elementor-element-5335495 e-con-full e-flex e-con e-child\" data-id=\"5335495\" data-element_type=\"container\" data-e-type=\"container\">\n\t\t\t\t<div class=\"elementor-element elementor-element-c76988e elementor-widget elementor-widget-text-editor\" data-id=\"c76988e\" data-element_type=\"widget\" data-e-type=\"widget\" data-no-translation=\"\" data-widget_type=\"text-editor.default\">\n\t\t\t\t\t<style>.elementor-element-c76988e{display:none !important}<\/style>\t\t\t\t<\/div>\n\t\t\t\t<div class=\"elementor-element elementor-element-8280418 elementor-widget elementor-widget-text-editor\" data-id=\"8280418\" data-element_type=\"widget\" data-e-type=\"widget\" data-no-translation=\"\" data-widget_type=\"text-editor.default\">\n\t\t\t\t\t<style>.elementor-element-8280418{display:none !important}<\/style>\t\t\t\t<\/div>\n\t\t\t\t<div class=\"elementor-element elementor-element-d7999a2 elementor-widget elementor-widget-text-editor\" data-id=\"d7999a2\" data-element_type=\"widget\" data-e-type=\"widget\" data-no-translation=\"\" data-widget_type=\"text-editor.default\">\n\t\t\t\t\t<style>.elementor-element-d7999a2{display:none !important}<\/style>\t\t\t\t<\/div>\n\t\t\t\t<div class=\"elementor-element elementor-element-9a82e80 elementor-widget elementor-widget-text-editor\" data-id=\"9a82e80\" data-element_type=\"widget\" data-e-type=\"widget\" data-no-translation=\"\" data-widget_type=\"text-editor.default\">\n\t\t\t\t\t\t\t\t\t<p><b>Confirma\u00e7\u00e3o de Reserva<\/b><b><br \/><\/b><span style=\"font-weight: 400;\">Toda reserva precisa ser garantida pelo menos 14 dias antes da chegada. Os m\u00e9todos de garantia v\u00e1lidos s\u00e3o: Garantia Web Pay Plus, Pagamento Webpay e transfer\u00eancia eletr\u00f4nica.<\/span><span style=\"font-weight: 400;\"><br \/><\/span><span style=\"font-weight: 400;\">Se a garantia n\u00e3o aparecer 7 dias antes da sua chegada, a reserva ser\u00e1 cancelada. Se voc\u00ea quiser retomar a reserva, vai precisar fazer o processo de novo com as condi\u00e7\u00f5es dispon\u00edveis na hora.<\/span><span style=\"font-weight: 400;\"><br \/><\/span><span style=\"font-weight: 400;\">N\u00e3o aceitamos cheques como forma de pagamento.<\/span><\/p><p><b>Pol\u00edtica de Cancelamento ou Modifica\u00e7\u00e3o de Reservas<\/b><b><br \/><\/b><span style=\"font-weight: 400;\">Aqui no Samadhi Eco Resort, sabemos que os planos podem mudar de repente. Por isso, temos uma pol\u00edtica de cancelamento que tenta ser justa para todos.<\/span><\/p><p><b>Cancelamentos Antecipados:<\/b><b><br \/><\/b><span style=\"font-weight: 400;\">Se voc\u00ea cancelar a sua reserva com mais de 14 dias de anteced\u00eancia, n\u00e3o vai ter nenhum custo.<\/span><\/p><p><b>Pol\u00edtica de Cancelamento para Cabanas:<\/b><\/p><ul><li style=\"font-weight: 400;\" aria-level=\"1\"><b>N\u00e3o compareceu:<\/b><span style=\"font-weight: 400;\"> 100% de penalidade<\/span><\/li><li style=\"font-weight: 400;\" aria-level=\"1\"><b>No mesmo dia:<\/b><span style=\"font-weight: 400;\"> 100% de penalidade<\/span><\/li><li style=\"font-weight: 400;\" aria-level=\"1\"><b>1 dia antes:<\/b><span style=\"font-weight: 400;\"> 80% de penalidade<\/span><\/li><li style=\"font-weight: 400;\" aria-level=\"1\"><b>2 dias antes:<\/b><span style=\"font-weight: 400;\"> 80% de penalidade<\/span><\/li><li style=\"font-weight: 400;\" aria-level=\"1\"><b>7 dias antes:<\/b><span style=\"font-weight: 400;\"> 50% de penalidade<\/span><\/li><li style=\"font-weight: 400;\" aria-level=\"1\"><b>14 dias antes:<\/b><span style=\"font-weight: 400;\"> Sem penalidade<\/span><\/li><\/ul><p><b>Cancelamentos de \u00daltima Hora:<\/b><b><br \/><\/b><span style=\"font-weight: 400;\">Se voc\u00ea cancelar dentro das 48 horas antes da chegada, vai ser cobrado o valor de uma noite de hospedagem, incluindo impostos e taxas.<\/span><\/p><p><b>N\u00e3o Comparecimento:<\/b><b><br \/><\/b><span style=\"font-weight: 400;\">Se voc\u00ea n\u00e3o aparecer na data marcada sem ter cancelado antes, vai ser considerado \u00abno show\u00bb e o valor total da primeira noite, com impostos e taxas, ser\u00e1 cobrado.<\/span><\/p><p><b>Modifica\u00e7\u00f5es de Reserva:<\/b><b><br \/><\/b><span style=\"font-weight: 400;\">Mudan\u00e7as na reserva, como alterar as datas de chegada ou sa\u00edda, dependem da disponibilidade e podem ter diferen\u00e7as de pre\u00e7o. Para mudan\u00e7as feitas nas 48 horas que antecedem a chegada, podem rolar taxas extras conforme a tarifa reservada.<\/span><\/p><p><b>Pol\u00edtica de Reembolso:<\/b><b><br \/><\/b><span style=\"font-weight: 400;\">Se voc\u00ea tiver direito a reembolso, ele ser\u00e1 processado em at\u00e9 5 a 10 dias \u00fateis ap\u00f3s o pedido de cancelamento, usando o mesmo m\u00e9todo de pagamento da reserva.<\/span><\/p><p><b>For\u00e7a Maior:<\/b><b><br \/><\/b><span style=\"font-weight: 400;\">Se acontecerem situa\u00e7\u00f5es excepcionais fora do controle do h\u00f3spede ou do nosso resort (como desastres naturais ou emerg\u00eancias de sa\u00fade p\u00fablica), vamos analisar os pedidos de cancelamento caso a caso e pode haver isen\u00e7\u00e3o de taxas dependendo da situa\u00e7\u00e3o.<\/span><\/p><p><b>Impostos<\/b><\/p><ul><li style=\"font-weight: 400;\" aria-level=\"1\"><b>H\u00f3spedes Chilenos e Estrangeiros Residentes:<\/b><span style=\"font-weight: 400;\"> Todos os h\u00f3spedes chilenos e estrangeiros residentes pagam 19% de imposto (IVA), que j\u00e1 est\u00e1 inclu\u00eddo nas tarifas.<\/span><\/li><li style=\"font-weight: 400;\" aria-level=\"1\"><b>H\u00f3spedes Estrangeiros N\u00e3o Residentes:<\/b><span style=\"font-weight: 400;\"> H\u00f3spedes estrangeiros que n\u00e3o moram no Chile e que comprovarem isso com a apresenta\u00e7\u00e3o do cart\u00e3o de entrada no pa\u00eds, al\u00e9m de pagarem em d\u00f3lares (USD) ou com cart\u00e3o de cr\u00e9dito internacional, ficam isentos do pagamento do IVA (19%).<\/span><\/li><\/ul><p><b>Informa\u00e7\u00f5es Adicionais<\/b><\/p><ul><li style=\"font-weight: 400;\" aria-level=\"1\"><b>Check In:<\/b><span style=\"font-weight: 400;\"> 15:00 hrs<\/span><\/li><li style=\"font-weight: 400;\" aria-level=\"1\"><b>Check Out:<\/b><span style=\"font-weight: 400;\"> 12:00 hrs<\/span><span style=\"font-weight: 400;\"><br \/><\/span><span style=\"font-weight: 400;\">Check-in antecipado e check-out tardio dependem da disponibilidade e podem ter taxas extras.<\/span><\/li><li style=\"font-weight: 400;\" aria-level=\"1\"><b>Beb\u00eas:<\/b><span style=\"font-weight: 400;\"> De 0 a 6 anos.<\/span><\/li><li style=\"font-weight: 400;\" aria-level=\"1\"><b>Crian\u00e7as:<\/b><span style=\"font-weight: 400;\"> De 7 a 12 anos.<\/span><\/li><li style=\"font-weight: 400;\" aria-level=\"1\"><b>Adultos:<\/b><span style=\"font-weight: 400;\"> A partir de 13 anos.<\/span><\/li><\/ul><p><span style=\"font-weight: 400;\">Crian\u00e7as de 0 a 6 anos n\u00e3o pagam.<\/span><span style=\"font-weight: 400;\"><br \/><\/span><b>Nota:<\/b><span style=\"font-weight: 400;\"> Recomendamos que voc\u00ea revise bem as condi\u00e7\u00f5es da sua reserva e entre em contato com nosso time de atendimento ao cliente para qualquer d\u00favida ou esclarecimento, mandando um e-mail para info@samadhiecoresort.com ou samadhiecoresort@gmail.com.<\/span><\/p>\t\t\t\t\t\t\t\t<\/div>\n\t\t\t\t<\/div>\n\t\t\t\t\t<\/div>\n\t\t\t\t<\/div>\n\t\t\t\t<\/div>","protected":false},"excerpt":{"rendered":"<p>T\u00e9rminos y Condiciones Confirmaci\u00f3n de reserva Toda reserva debe ser garantizada al menos 14 d\u00edas antes de la fecha de llegada. Los m\u00e9todos de garant\u00eda v\u00e1lidos son: Garant\u00eda web Pay Plus, Pago Webpay y transferencia electr\u00f3nica.Si la garant\u00eda no se refleja 7 d\u00edas antes de su llegada, la reserva ser\u00e1 cancelada. En caso de que [&hellip;]<\/p>\n","protected":false},"author":1,"featured_media":0,"parent":0,"menu_order":0,"comment_status":"closed","ping_status":"closed","template":"elementor_header_footer","meta":{"footnotes":""},"class_list":["post-712","page","type-page","status-publish","hentry"],"_links":{"self":[{"href":"https:\/\/www.samadhiecoresort.com\/pt\/wp-json\/wp\/v2\/pages\/712","targetHints":{"allow":["GET"]}}],"collection":[{"href":"https:\/\/www.samadhiecoresort.com\/pt\/wp-json\/wp\/v2\/pages"}],"about":[{"href":"https:\/\/www.samadhiecoresort.com\/pt\/wp-json\/wp\/v2\/types\/page"}],"author":[{"embeddable":true,"href":"https:\/\/www.samadhiecoresort.com\/pt\/wp-json\/wp\/v2\/users\/1"}],"replies":[{"embeddable":true,"href":"https:\/\/www.samadhiecoresort.com\/pt\/wp-json\/wp\/v2\/comments?post=712"}],"version-history":[{"count":0,"href":"https:\/\/www.samadhiecoresort.com\/pt\/wp-json\/wp\/v2\/pages\/712\/revisions"}],"wp:attachment":[{"href":"https:\/\/www.samadhiecoresort.com\/pt\/wp-json\/wp\/v2\/media?parent=712"}],"curies":[{"name":"wp","href":"https:\/\/api.w.org\/{rel}","templated":true}]}}