{"id":179,"date":"2024-08-19T15:34:07","date_gmt":"2024-08-19T19:34:07","guid":{"rendered":"https:\/\/www.masstudio.dev\/samadhi\/?page_id=179"},"modified":"2024-10-11T10:59:50","modified_gmt":"2024-10-11T13:59:50","slug":"blog","status":"publish","type":"page","link":"https:\/\/www.samadhiecoresort.com\/en\/blog\/","title":{"rendered":"Blog"},"content":{"rendered":"<div data-elementor-type=\"wp-page\" data-elementor-id=\"179\" class=\"elementor elementor-179\" data-elementor-post-type=\"page\">\n\t\t\t\t\t\t<section class=\"elementor-section elementor-top-section elementor-element elementor-element-536c7c93 elementor-section-boxed elementor-section-height-default elementor-section-height-default\" data-id=\"536c7c93\" data-element_type=\"section\" data-e-type=\"section\" data-settings=\"{&quot;background_background&quot;:&quot;classic&quot;}\">\n\t\t\t\t\t\t\t<div class=\"elementor-background-overlay\"><\/div>\n\t\t\t\t\t\t\t<div class=\"elementor-container elementor-column-gap-default\">\n\t\t\t\t\t<div class=\"elementor-column elementor-col-100 elementor-top-column elementor-element elementor-element-578c43a1\" data-id=\"578c43a1\" data-element_type=\"column\" data-e-type=\"column\">\n\t\t\t<div class=\"elementor-widget-wrap elementor-element-populated\">\n\t\t\t\t\t\t<div class=\"elementor-element elementor-element-7d572818 elementor-widget elementor-widget-heading\" data-id=\"7d572818\" data-element_type=\"widget\" data-e-type=\"widget\" data-widget_type=\"heading.default\">\n\t\t\t\t\t<h2 class=\"elementor-heading-title elementor-size-default\">Our Blog<\/h2>\t\t\t\t<\/div>\n\t\t\t\t\t<\/div>\n\t\t<\/div>\n\t\t\t\t\t<\/div>\n\t\t<\/section>\n\t\t\t\t<section class=\"elementor-section elementor-top-section elementor-element elementor-element-6bba35eb elementor-section-boxed elementor-section-height-default elementor-section-height-default\" data-id=\"6bba35eb\" data-element_type=\"section\" data-e-type=\"section\" data-settings=\"{&quot;background_background&quot;:&quot;classic&quot;}\">\n\t\t\t\t\t\t<div class=\"elementor-container elementor-column-gap-default\">\n\t\t\t\t\t<div class=\"elementor-column elementor-col-100 elementor-top-column elementor-element elementor-element-38c0307c\" data-id=\"38c0307c\" data-element_type=\"column\" data-e-type=\"column\">\n\t\t\t<div class=\"elementor-widget-wrap elementor-element-populated\">\n\t\t\t\t\t\t<div class=\"elementor-element elementor-element-5aacfb3e elementor-widget elementor-widget-heading\" data-id=\"5aacfb3e\" data-element_type=\"widget\" data-e-type=\"widget\" data-widget_type=\"heading.default\">\n\t\t\t\t\t<h2 class=\"elementor-heading-title elementor-size-default\">Latest News and Articles<\/h2>\t\t\t\t<\/div>\n\t\t\t\t<div class=\"elementor-element elementor-element-247f4c7e elementor-widget elementor-widget-text-editor\" data-id=\"247f4c7e\" data-element_type=\"widget\" data-e-type=\"widget\" data-widget_type=\"text-editor.default\">\n\t\t\t\t\t\t\t\t\t<p>We invite you to explore our updates and discover more about our initiatives, events, and news. Click here and don\u2019t miss out!<\/p>\t\t\t\t\t\t\t\t<\/div>\n\t\t\t\t<div class=\"elementor-element elementor-element-5e544427 animated-slow elementor-invisible elementor-widget elementor-widget-jkit_post_block\" data-id=\"5e544427\" data-element_type=\"widget\" data-e-type=\"widget\" data-settings=\"{&quot;_animation&quot;:&quot;fadeInUp&quot;}\" data-widget_type=\"jkit_post_block.default\">\n\t\t\t\t\t<div  class=\"jeg-elementor-kit jkit-postblock postblock-type-5 jkit-pagination-loadmore post-element jeg_module___69f30870d5e32\"  data-id=\"jeg_module___69f30870d5e32\" data-settings=\"{&quot;post_type&quot;:&quot;post&quot;,&quot;number_post&quot;:{&quot;unit&quot;:&quot;px&quot;,&quot;size&quot;:6,&quot;sizes&quot;:[]},&quot;post_offset&quot;:0,&quot;unique_content&quot;:&quot;disable&quot;,&quot;include_post&quot;:&quot;&quot;,&quot;exclude_post&quot;:&quot;&quot;,&quot;include_category&quot;:&quot;&quot;,&quot;exclude_category&quot;:&quot;&quot;,&quot;include_author&quot;:&quot;&quot;,&quot;include_tag&quot;:&quot;&quot;,&quot;exclude_tag&quot;:&quot;&quot;,&quot;sort_by&quot;:&quot;latest&quot;,&quot;pagination_mode&quot;:&quot;loadmore&quot;,&quot;pagination_loadmore_text&quot;:&quot;Load More&quot;,&quot;pagination_loading_text&quot;:&quot;Loading...&quot;,&quot;pagination_number_post&quot;:{&quot;unit&quot;:&quot;px&quot;,&quot;size&quot;:3,&quot;sizes&quot;:[]},&quot;pagination_scroll_limit&quot;:0,&quot;pagination_icon&quot;:{&quot;value&quot;:&quot;&quot;,&quot;library&quot;:&quot;&quot;},&quot;pagination_icon_position&quot;:&quot;before&quot;,&quot;st_category_position&quot;:&quot;center&quot;,&quot;sg_content_postblock_type&quot;:&quot;type-5&quot;,&quot;sg_content_element_order&quot;:&quot;title,meta,excerpt,read&quot;,&quot;sg_content_breakpoint&quot;:&quot;tablet&quot;,&quot;sg_content_title_html_tag&quot;:&quot;h3&quot;,&quot;sg_content_category_enable&quot;:&quot;&quot;,&quot;sg_content_excerpt_enable&quot;:&quot;&quot;,&quot;sg_content_excerpt_length&quot;:{&quot;unit&quot;:&quot;px&quot;,&quot;size&quot;:10,&quot;sizes&quot;:[]},&quot;sg_content_excerpt_more&quot;:&quot;...&quot;,&quot;sg_content_readmore_enable&quot;:&quot;&quot;,&quot;sg_content_readmore_icon&quot;:{&quot;value&quot;:&quot;&quot;,&quot;library&quot;:&quot;&quot;},&quot;sg_content_readmore_icon_position&quot;:&quot;after&quot;,&quot;sg_content_readmore_text&quot;:&quot;Read More&quot;,&quot;sg_content_comment_enable&quot;:&quot;&quot;,&quot;sg_content_comment_icon&quot;:{&quot;value&quot;:&quot;fas fa-comment&quot;,&quot;library&quot;:&quot;fa-solid&quot;},&quot;sg_content_comment_icon_position&quot;:&quot;before&quot;,&quot;sg_content_meta_enable&quot;:&quot;&quot;,&quot;sg_content_meta_author_enable&quot;:&quot;&quot;,&quot;sg_content_meta_author_by_text&quot;:&quot;by&quot;,&quot;sg_content_meta_author_icon&quot;:{&quot;value&quot;:&quot;fas fa-user&quot;,&quot;library&quot;:&quot;fa-solid&quot;},&quot;sg_content_meta_author_icon_position&quot;:&quot;before&quot;,&quot;sg_content_meta_date_enable&quot;:&quot;&quot;,&quot;sg_content_meta_date_type&quot;:&quot;published&quot;,&quot;sg_content_meta_date_format&quot;:&quot;default&quot;,&quot;sg_content_meta_date_format_custom&quot;:&quot;F j, Y&quot;,&quot;sg_content_meta_date_icon&quot;:{&quot;value&quot;:&quot;fas fa-clock&quot;,&quot;library&quot;:&quot;fa-solid&quot;},&quot;sg_content_meta_date_icon_position&quot;:&quot;before&quot;,&quot;sg_content_image_size_imagesize_size&quot;:&quot;full&quot;,&quot;paged&quot;:1,&quot;class&quot;:&quot;jkit_post_block&quot;}\"><div class=\"jkit-block-container\"><div class=\"jkit-posts jkit-ajax-flag\">\n            <article class=\"jkit-post post-1039 post type-post status-publish format-standard has-post-thumbnail hentry category-general category-prensa\">\n                    <div class=\"jkit-thumb\"><a aria-label=\"Regional Winner Most Tourist Value Contest 2024\" href=\"https:\/\/www.samadhiecoresort.com\/en\/ganador-regional-concurso-mas-valor-turistico-2024\/\"><div class=\"thumbnail-container\">\n            <img loading=\"lazy\" decoding=\"async\" width=\"600\" height=\"464\" src=\"https:\/\/www.samadhiecoresort.com\/wp-content\/uploads\/2024\/11\/bddy5z7k.png\" class=\"attachment-full size-full wp-post-image\" alt=\"\" srcset=\"https:\/\/www.samadhiecoresort.com\/wp-content\/uploads\/2024\/11\/bddy5z7k.png 600w, https:\/\/www.samadhiecoresort.com\/wp-content\/uploads\/2024\/11\/bddy5z7k-300x232.png 300w, https:\/\/www.samadhiecoresort.com\/wp-content\/uploads\/2024\/11\/bddy5z7k-16x12.png 16w\" sizes=\"auto, (max-width: 600px) 100vw, 600px\" \/>\n        <\/div><\/a><\/div>\n                    <div class=\"jkit-postblock-content\"><h3 class=\"jkit-post-title\">\n\t\t\t\t\t\t\t<a href=\"https:\/\/www.samadhiecoresort.com\/en\/ganador-regional-concurso-mas-valor-turistico-2024\/\">Regional Winner Most Tourist Value Contest 2024<\/a>\n\t\t\t\t\t\t<\/h3><div class=\"jkit-post-meta-bottom\">\n\t\t\t\t\t\t\t\n\t\t\t\t\t\t<\/div><\/div>\n                <\/article><article class=\"jkit-post post-1037 post type-post status-publish format-standard has-post-thumbnail hentry category-general tag-araucania-sostenible tag-fondo-concursable\">\n                    <div class=\"jkit-thumb\"><a aria-label=\"Samadhi Eco Resort: A Haven of Sustainability and Connection in La Araucan\u00eda\" href=\"https:\/\/www.samadhiecoresort.com\/en\/samadhi-eco-resort-un-refugio-de-sostenibilidad-y-conexion-en-la-araucania\/\"><div class=\"thumbnail-container\">\n            <img loading=\"lazy\" decoding=\"async\" width=\"1920\" height=\"1080\" src=\"https:\/\/www.samadhiecoresort.com\/wp-content\/uploads\/2024\/10\/936fe9c8-2c97-49bb-9b24-a32a56a1d723.jpg\" class=\"attachment-full size-full wp-post-image\" alt=\"\" srcset=\"https:\/\/www.samadhiecoresort.com\/wp-content\/uploads\/2024\/10\/936fe9c8-2c97-49bb-9b24-a32a56a1d723.jpg 1920w, https:\/\/www.samadhiecoresort.com\/wp-content\/uploads\/2024\/10\/936fe9c8-2c97-49bb-9b24-a32a56a1d723-300x169.jpg 300w, https:\/\/www.samadhiecoresort.com\/wp-content\/uploads\/2024\/10\/936fe9c8-2c97-49bb-9b24-a32a56a1d723-1024x576.jpg 1024w, https:\/\/www.samadhiecoresort.com\/wp-content\/uploads\/2024\/10\/936fe9c8-2c97-49bb-9b24-a32a56a1d723-768x432.jpg 768w, https:\/\/www.samadhiecoresort.com\/wp-content\/uploads\/2024\/10\/936fe9c8-2c97-49bb-9b24-a32a56a1d723-1536x864.jpg 1536w, https:\/\/www.samadhiecoresort.com\/wp-content\/uploads\/2024\/10\/936fe9c8-2c97-49bb-9b24-a32a56a1d723-18x10.jpg 18w\" sizes=\"auto, (max-width: 1920px) 100vw, 1920px\" \/>\n        <\/div><\/a><\/div>\n                    <div class=\"jkit-postblock-content\"><h3 class=\"jkit-post-title\">\n\t\t\t\t\t\t\t<a href=\"https:\/\/www.samadhiecoresort.com\/en\/samadhi-eco-resort-un-refugio-de-sostenibilidad-y-conexion-en-la-araucania\/\">Samadhi Eco Resort: A Haven of Sustainability and Connection in La Araucan\u00eda<\/a>\n\t\t\t\t\t\t<\/h3><div class=\"jkit-post-meta-bottom\">\n\t\t\t\t\t\t\t\n\t\t\t\t\t\t<\/div><\/div>\n                <\/article><article class=\"jkit-post post-133 post type-post status-publish format-standard has-post-thumbnail hentry category-general tag-natgeo\">\n                    <div class=\"jkit-thumb\"><a aria-label=\"Samadhi Eco Resort presented by NatGeo Earth\" href=\"https:\/\/www.samadhiecoresort.com\/en\/samadhi-eco-resort-presentado-por-natgeo-earth\/\"><div class=\"thumbnail-container\">\n            <img loading=\"lazy\" decoding=\"async\" width=\"1620\" height=\"1080\" src=\"https:\/\/www.samadhiecoresort.com\/wp-content\/uploads\/2024\/10\/06102023-FCG09531.jpg\" class=\"attachment-full size-full wp-post-image\" alt=\"\" srcset=\"https:\/\/www.samadhiecoresort.com\/wp-content\/uploads\/2024\/10\/06102023-FCG09531.jpg 1620w, https:\/\/www.samadhiecoresort.com\/wp-content\/uploads\/2024\/10\/06102023-FCG09531-300x200.jpg 300w, https:\/\/www.samadhiecoresort.com\/wp-content\/uploads\/2024\/10\/06102023-FCG09531-1024x683.jpg 1024w, https:\/\/www.samadhiecoresort.com\/wp-content\/uploads\/2024\/10\/06102023-FCG09531-768x512.jpg 768w, https:\/\/www.samadhiecoresort.com\/wp-content\/uploads\/2024\/10\/06102023-FCG09531-1536x1024.jpg 1536w, https:\/\/www.samadhiecoresort.com\/wp-content\/uploads\/2024\/10\/06102023-FCG09531-18x12.jpg 18w\" sizes=\"auto, (max-width: 1620px) 100vw, 1620px\" \/>\n        <\/div><\/a><\/div>\n                    <div class=\"jkit-postblock-content\"><h3 class=\"jkit-post-title\">\n\t\t\t\t\t\t\t<a href=\"https:\/\/www.samadhiecoresort.com\/en\/samadhi-eco-resort-presentado-por-natgeo-earth\/\">Samadhi Eco Resort presented by NatGeo Earth<\/a>\n\t\t\t\t\t\t<\/h3><div class=\"jkit-post-meta-bottom\">\n\t\t\t\t\t\t\t\n\t\t\t\t\t\t<\/div><\/div>\n                <\/article>\n        <\/div><\/div><\/div>\t\t\t\t<\/div>\n\t\t\t\t\t<\/div>\n\t\t<\/div>\n\t\t\t\t\t<\/div>\n\t\t<\/section>\n\t\t\t\t<\/div>","protected":false},"excerpt":{"rendered":"<p>Nuestro Blog \u00daltimas Noticias y Art\u00edculos Te invitamos a explorar nuestras actualizaciones y descubrir m\u00e1s sobre nuestras iniciativas, eventos y novedades. \u00a1Haz clic aqu\u00ed y no te lo pierdas! edit post Samadhi Eco Resort presentado por NatGeo Earth<\/p>","protected":false},"author":1,"featured_media":0,"parent":0,"menu_order":0,"comment_status":"closed","ping_status":"closed","template":"elementor_header_footer","meta":{"footnotes":""},"class_list":["post-179","page","type-page","status-publish","hentry"],"_links":{"self":[{"href":"https:\/\/www.samadhiecoresort.com\/en\/wp-json\/wp\/v2\/pages\/179","targetHints":{"allow":["GET"]}}],"collection":[{"href":"https:\/\/www.samadhiecoresort.com\/en\/wp-json\/wp\/v2\/pages"}],"about":[{"href":"https:\/\/www.samadhiecoresort.com\/en\/wp-json\/wp\/v2\/types\/page"}],"author":[{"embeddable":true,"href":"https:\/\/www.samadhiecoresort.com\/en\/wp-json\/wp\/v2\/users\/1"}],"replies":[{"embeddable":true,"href":"https:\/\/www.samadhiecoresort.com\/en\/wp-json\/wp\/v2\/comments?post=179"}],"version-history":[{"count":0,"href":"https:\/\/www.samadhiecoresort.com\/en\/wp-json\/wp\/v2\/pages\/179\/revisions"}],"wp:attachment":[{"href":"https:\/\/www.samadhiecoresort.com\/en\/wp-json\/wp\/v2\/media?parent=179"}],"curies":[{"name":"wp","href":"https:\/\/api.w.org\/{rel}","templated":true}]}}