{"id":177,"date":"2024-08-19T15:34:00","date_gmt":"2024-08-19T19:34:00","guid":{"rendered":"https:\/\/www.masstudio.dev\/samadhi\/?page_id=177"},"modified":"2024-10-15T10:52:05","modified_gmt":"2024-10-15T13:52:05","slug":"nosotros","status":"publish","type":"page","link":"https:\/\/www.samadhiecoresort.com\/en\/nosotros\/","title":{"rendered":"ABOUT US"},"content":{"rendered":"\t\t<div data-elementor-type=\"wp-page\" data-elementor-id=\"177\" class=\"elementor elementor-177\" data-elementor-post-type=\"page\">\n\t\t\t\t\t\t<section class=\"elementor-section elementor-top-section elementor-element elementor-element-6e261144 elementor-section-boxed elementor-section-height-default elementor-section-height-default\" data-id=\"6e261144\" data-element_type=\"section\" data-e-type=\"section\" data-settings=\"{&quot;background_background&quot;:&quot;classic&quot;}\">\n\t\t\t\t\t\t\t<div class=\"elementor-background-overlay\"><\/div>\n\t\t\t\t\t\t\t<div class=\"elementor-container elementor-column-gap-default\">\n\t\t\t\t\t<div class=\"elementor-column elementor-col-100 elementor-top-column elementor-element elementor-element-6b5f123f\" data-id=\"6b5f123f\" data-element_type=\"column\" data-e-type=\"column\">\n\t\t\t<div class=\"elementor-widget-wrap elementor-element-populated\">\n\t\t\t\t\t\t<div class=\"elementor-element elementor-element-46d4de2a elementor-widget elementor-widget-heading\" data-id=\"46d4de2a\" data-element_type=\"widget\" data-e-type=\"widget\" data-widget_type=\"heading.default\">\n\t\t\t\t\t<h2 class=\"elementor-heading-title elementor-size-default\">Sobre Nosotros<\/h2>\t\t\t\t<\/div>\n\t\t\t\t\t<\/div>\n\t\t<\/div>\n\t\t\t\t\t<\/div>\n\t\t<\/section>\n\t\t\t\t<section class=\"elementor-section elementor-top-section elementor-element elementor-element-21c94610 elementor-section-boxed elementor-section-height-default elementor-section-height-default\" data-id=\"21c94610\" data-element_type=\"section\" data-e-type=\"section\">\n\t\t\t\t\t\t<div class=\"elementor-container elementor-column-gap-default\">\n\t\t\t\t\t<div class=\"elementor-column elementor-col-50 elementor-top-column elementor-element elementor-element-406dde0b\" data-id=\"406dde0b\" data-element_type=\"column\" data-e-type=\"column\">\n\t\t\t<div class=\"elementor-widget-wrap elementor-element-populated\">\n\t\t\t\t\t\t<div class=\"elementor-element elementor-element-1fe676e6 elementor-invisible elementor-widget elementor-widget-heading\" data-id=\"1fe676e6\" data-element_type=\"widget\" data-e-type=\"widget\" data-settings=\"{&quot;_animation&quot;:&quot;fadeInLeft&quot;}\" data-widget_type=\"heading.default\">\n\t\t\t\t\t<h5 class=\"elementor-heading-title elementor-size-default\">Nuestra Historia<\/h5>\t\t\t\t<\/div>\n\t\t\t\t<div class=\"elementor-element elementor-element-4136f328 elementor-widget elementor-widget-heading\" data-id=\"4136f328\" data-element_type=\"widget\" data-e-type=\"widget\" data-widget_type=\"heading.default\">\n\t\t\t\t\t<h2 class=\"elementor-heading-title elementor-size-default\">Conecta con nuestra historia, como nace este lindo camino<\/h2>\t\t\t\t<\/div>\n\t\t\t\t<div class=\"elementor-element elementor-element-86ed551 elementor-widget elementor-widget-text-editor\" data-id=\"86ed551\" data-element_type=\"widget\" data-e-type=\"widget\" data-widget_type=\"text-editor.default\">\n\t\t\t\t\t\t\t\t\tOfrecemos una experiencia de alojamiento exclusiva en el coraz\u00f3n de la Araucan\u00eda Andina, en la comuna de Vilc\u00fan. Donde entregamos a nuestros hu\u00e9spedes una estancia inmersiva que fusiona innovaciones en turismo sustentable con un genuino respeto por el entorno natural, cultural y productivo de la regi\u00f3n.\t\t\t\t\t\t\t\t<\/div>\n\t\t\t\t<div class=\"elementor-element elementor-element-7597e103 elementor-widget elementor-widget-image\" data-id=\"7597e103\" data-element_type=\"widget\" data-e-type=\"widget\" data-widget_type=\"image.default\">\n\t\t\t\t\t\t\t\t\t\t\t\t\t\t\t<img decoding=\"async\" src=\"https:\/\/www.samadhiecoresort.com\/wp-content\/uploads\/elementor\/thumbs\/Escapadas--qvlj6cosp4nt6gew1cfwu2zi2drw7ugg9w06hpfntk.jpg\" title=\"Escapadas\" alt=\"Escapadas\" loading=\"lazy\" \/>\t\t\t\t\t\t\t\t\t\t\t\t\t\t\t<\/div>\n\t\t\t\t\t<\/div>\n\t\t<\/div>\n\t\t\t\t<div class=\"elementor-column elementor-col-50 elementor-top-column elementor-element elementor-element-9629112\" data-id=\"9629112\" data-element_type=\"column\" data-e-type=\"column\">\n\t\t\t<div class=\"elementor-widget-wrap elementor-element-populated\">\n\t\t\t\t\t\t<div class=\"elementor-element elementor-element-4c6ad67b elementor-widget elementor-widget-text-editor\" data-id=\"4c6ad67b\" data-element_type=\"widget\" data-e-type=\"widget\" data-widget_type=\"text-editor.default\">\n\t\t\t\t\t\t\t\t\t<p>Todo comenz\u00f3 con un sue\u00f1o: encontrar un refugio en la naturaleza donde pudi\u00e9ramos hallar paz, lejos del ruido y la contaminaci\u00f3n de las ciudades.<\/p><p>Nuestra aventura nos llev\u00f3 al sur de Chile, iniciando en el Parque Nacional Conguill\u00edo y recorriendo la carretera Austral hasta Chile Chico. De todos los lugares que visitamos, el Parque Conguill\u00edo se convirti\u00f3 en nuestra experiencia m\u00e1s hermosa, encendiendo en nosotros la b\u00fasqueda de un rinc\u00f3n cercano a su esplendor. Tras explorar numerosas parcelas, finalmente encontramos este maravilloso lugar que ahora llamamos hogar.<\/p><p>Al principio, nuestro proyecto se centraba en crear un espacio para nuestras familias, impulsados por la incertidumbre del mundo. Una entrevista con Douglas Tompkins nos inspir\u00f3 a pensar que el futuro estaba en la vida rural, y eso nos hizo sentir que est\u00e1bamos en el camino correcto.<\/p><p>Al llegar, decidimos no solo aprovechar este espacio, sino tambi\u00e9n ofrecer a otros la oportunidad de vivir nuestra experiencia. As\u00ed, en 2017, comenzamos esta hermosa aventura. Optamos por trabajar con materiales no convencionales, conscientes del impacto ambiental que generan. Incorporamos estos elementos de manera arm\u00f3nica en el paisaje, creando tres caba\u00f1as a partir de contenedores mar\u00edtimos reciclados y seis sitios de glamping hechos con tuber\u00edas de hormig\u00f3n, todo respetando las vistas y el bosque que nos rodea. Nuestra antigua casa se transform\u00f3 en un acogedor restaurante y recepci\u00f3n, y ahora contamos con un peque\u00f1o huerto agroecol\u00f3gico, complementado por nuestros caballos, ovejas y gallinas.<\/p><p>Estamos en constante evoluci\u00f3n y no sabemos exactamente a d\u00f3nde nos llevar\u00e1 este camino. Pero s\u00ed tenemos la certeza de que junto a nuestro equipo lo haremos siempre de la mano de la conservaci\u00f3n, el respeto por nuestro medio ambiente, el apoyo a proveedores locales y la rica cultura mapuche que define esta hermosa regi\u00f3n de La Araucan\u00eda. \u00a1Los invitamos a ser parte de esta historia y vivirla con nosotros!<\/p>\t\t\t\t\t\t\t\t<\/div>\n\t\t\t\t\t<\/div>\n\t\t<\/div>\n\t\t\t\t\t<\/div>\n\t\t<\/section>\n\t\t\t\t<section class=\"elementor-section elementor-top-section elementor-element elementor-element-70757c12 elementor-section-content-top elementor-section-boxed elementor-section-height-default elementor-section-height-default\" data-id=\"70757c12\" data-element_type=\"section\" data-e-type=\"section\" data-settings=\"{&quot;background_background&quot;:&quot;classic&quot;}\">\n\t\t\t\t\t\t<div class=\"elementor-container elementor-column-gap-default\">\n\t\t\t\t\t<div class=\"elementor-column elementor-col-50 elementor-top-column elementor-element elementor-element-6354b533\" data-id=\"6354b533\" data-element_type=\"column\" data-e-type=\"column\">\n\t\t\t<div class=\"elementor-widget-wrap elementor-element-populated\">\n\t\t\t\t\t\t<div class=\"elementor-element elementor-element-6c597dd3 elementor-invisible elementor-widget elementor-widget-heading\" data-id=\"6c597dd3\" data-element_type=\"widget\" data-e-type=\"widget\" data-settings=\"{&quot;_animation&quot;:&quot;fadeInLeft&quot;}\" data-widget_type=\"heading.default\">\n\t\t\t\t\t<h5 class=\"elementor-heading-title elementor-size-default\">Samadhi<\/h5>\t\t\t\t<\/div>\n\t\t\t\t<div class=\"elementor-element elementor-element-69014710 elementor-widget elementor-widget-heading\" data-id=\"69014710\" data-element_type=\"widget\" data-e-type=\"widget\" data-widget_type=\"heading.default\">\n\t\t\t\t\t<h2 class=\"elementor-heading-title elementor-size-default\">Nuestros detalles e informaci\u00f3n sobre nuestra pol\u00edtica de Sustentabilidad en nuestro hotel.<\/h2>\t\t\t\t<\/div>\n\t\t\t\t\t<\/div>\n\t\t<\/div>\n\t\t\t\t<div class=\"elementor-column elementor-col-50 elementor-top-column elementor-element elementor-element-2401e381\" data-id=\"2401e381\" data-element_type=\"column\" data-e-type=\"column\">\n\t\t\t<div class=\"elementor-widget-wrap elementor-element-populated\">\n\t\t\t\t\t\t<div class=\"elementor-element elementor-element-76a54214 elementor-invisible elementor-widget elementor-widget-text-editor\" data-id=\"76a54214\" data-element_type=\"widget\" data-e-type=\"widget\" data-settings=\"{&quot;_animation_delay&quot;:200,&quot;_animation&quot;:&quot;fadeInRight&quot;}\" data-widget_type=\"text-editor.default\">\n\t\t\t\t\t\t\t\t\tSomos un centro ecol\u00f3gico ubicado en el coraz\u00f3n de la Araucan\u00eda Andina, nos dedicamos a ofrecer hospedaje y experiencias tur\u00edsticas que permiten a nuestros hu\u00e9spedes conectar aut\u00e9nticamente con el entorno, al tiempo que nos comprometemos a proteger y conservar sus recursos naturales y culturales.\t\t\t\t\t\t\t\t<\/div>\n\t\t\t\t<div class=\"elementor-element elementor-element-3e8e7066 elementor-widget__width-auto elementor-widget elementor-widget-jkit_button\" data-id=\"3e8e7066\" data-element_type=\"widget\" data-e-type=\"widget\" data-widget_type=\"jkit_button.default\">\n\t\t\t\t\t<div  class=\"jeg-elementor-kit jkit-button  icon-position-after jeg_module___69f3069b91f94\" ><a href=\"https:\/\/www.samadhiecoresort.com\/wp-content\/uploads\/2024\/09\/Politica-de-sustentabilidad.pdf\" class=\"jkit-button-wrapper\" target=\"_blank\">Descargar Pol\u00edtica<\/a><\/div>\t\t\t\t<\/div>\n\t\t\t\t\t<\/div>\n\t\t<\/div>\n\t\t\t\t\t<\/div>\n\t\t<\/section>\n\t\t\t\t<section class=\"elementor-section elementor-top-section elementor-element elementor-element-34664b2c elementor-hidden-desktop elementor-hidden-tablet elementor-hidden-mobile elementor-section-boxed elementor-section-height-default elementor-section-height-default\" data-id=\"34664b2c\" data-element_type=\"section\" data-e-type=\"section\" data-settings=\"{&quot;background_background&quot;:&quot;classic&quot;}\">\n\t\t\t\t\t\t<div class=\"elementor-container elementor-column-gap-default\">\n\t\t\t\t\t<div class=\"elementor-column elementor-col-100 elementor-top-column elementor-element elementor-element-394475de\" data-id=\"394475de\" data-element_type=\"column\" data-e-type=\"column\">\n\t\t\t<div class=\"elementor-widget-wrap elementor-element-populated\">\n\t\t\t\t\t\t<div class=\"elementor-element elementor-element-4e9ce873 animated-slow elementor-invisible elementor-widget elementor-widget-heading\" data-id=\"4e9ce873\" data-element_type=\"widget\" data-e-type=\"widget\" data-settings=\"{&quot;_animation&quot;:&quot;fadeInUp&quot;}\" data-widget_type=\"heading.default\">\n\t\t\t\t\t<h5 class=\"elementor-heading-title elementor-size-default\">Nuestros Fundadores<\/h5>\t\t\t\t<\/div>\n\t\t\t\t<div class=\"elementor-element elementor-element-20e3d45b elementor-widget elementor-widget-heading\" data-id=\"20e3d45b\" data-element_type=\"widget\" data-e-type=\"widget\" data-widget_type=\"heading.default\">\n\t\t\t\t\t<h2 class=\"elementor-heading-title elementor-size-default\">Fundadores y Equipo<\/h2>\t\t\t\t<\/div>\n\t\t\t\t\t<\/div>\n\t\t<\/div>\n\t\t\t\t\t<\/div>\n\t\t<\/section>\n\t\t<div class=\"elementor-element elementor-element-db95f13 elementor-hidden-desktop elementor-hidden-tablet elementor-hidden-mobile e-flex e-con-boxed e-con e-parent\" data-id=\"db95f13\" data-element_type=\"container\" data-e-type=\"container\">\n\t\t\t\t\t<div class=\"e-con-inner\">\n\t\t<div class=\"elementor-element elementor-element-942489a e-con-full e-flex e-con e-child\" data-id=\"942489a\" data-element_type=\"container\" data-e-type=\"container\">\n\t\t\t\t<div class=\"elementor-element elementor-element-656ba79 elementor-widget elementor-widget-jkit_team\" data-id=\"656ba79\" data-element_type=\"widget\" data-e-type=\"widget\" data-widget_type=\"jkit_team.default\">\n\t\t\t\t\t<div  class=\"jeg-elementor-kit jkit-team style-default  jeg_module__1_69f3069b97ea0\" ><div class=\"profile-box\">\n                <div class=\"profile-card \">\n                    <div class=\"profile-header jkit-team-img \"><img fetchpriority=\"high\" decoding=\"async\" width=\"800\" height=\"1200\" src=\"https:\/\/www.samadhiecoresort.com\/wp-content\/uploads\/2024\/08\/cocgw4ssxx4.jpg\" class=\"attachment-full size-full\" alt=\"Persona 1\" url=\"https:\/\/www.samadhiecoresort.com\/wp-content\/uploads\/2024\/08\/cocgw4ssxx4.jpg\" source=\"library\" srcset=\"https:\/\/www.samadhiecoresort.com\/wp-content\/uploads\/2024\/08\/cocgw4ssxx4.jpg 800w, https:\/\/www.samadhiecoresort.com\/wp-content\/uploads\/2024\/08\/cocgw4ssxx4-200x300.jpg 200w, https:\/\/www.samadhiecoresort.com\/wp-content\/uploads\/2024\/08\/cocgw4ssxx4-683x1024.jpg 683w, https:\/\/www.samadhiecoresort.com\/wp-content\/uploads\/2024\/08\/cocgw4ssxx4-768x1152.jpg 768w\" sizes=\"(max-width: 800px) 100vw, 800px\" \/><\/div>\n                    <div class=\"profile-body\">\n                <h2 class=\"profile-title\">Persona 1<\/h2>\n                <p class=\"profile-designation\">Fundadora 1<\/p>\n                \n            <\/div>\n            <div class=\"profile-footer\">\n                <ul class=\"social-list\"><\/ul>\n            <\/div>\n                    \n                <\/div>\n            <\/div><\/div>\t\t\t\t<\/div>\n\t\t\t\t<\/div>\n\t\t<div class=\"elementor-element elementor-element-9c46cba e-con-full e-flex e-con e-child\" data-id=\"9c46cba\" data-element_type=\"container\" data-e-type=\"container\">\n\t\t\t\t<div class=\"elementor-element elementor-element-303c92d elementor-widget elementor-widget-jkit_team\" data-id=\"303c92d\" data-element_type=\"widget\" data-e-type=\"widget\" data-widget_type=\"jkit_team.default\">\n\t\t\t\t\t<div  class=\"jeg-elementor-kit jkit-team style-default  jeg_module__2_69f3069b9a459\" ><div class=\"profile-box\">\n                <div class=\"profile-card \">\n                    <div class=\"profile-header jkit-team-img \"><img decoding=\"async\" width=\"800\" height=\"1200\" src=\"https:\/\/www.samadhiecoresort.com\/wp-content\/uploads\/2024\/08\/cocgw4ssxx4.jpg\" class=\"attachment-full size-full\" alt=\"Persona 2\" url=\"https:\/\/www.samadhiecoresort.com\/wp-content\/uploads\/2024\/08\/cocgw4ssxx4.jpg\" source=\"library\" srcset=\"https:\/\/www.samadhiecoresort.com\/wp-content\/uploads\/2024\/08\/cocgw4ssxx4.jpg 800w, https:\/\/www.samadhiecoresort.com\/wp-content\/uploads\/2024\/08\/cocgw4ssxx4-200x300.jpg 200w, https:\/\/www.samadhiecoresort.com\/wp-content\/uploads\/2024\/08\/cocgw4ssxx4-683x1024.jpg 683w, https:\/\/www.samadhiecoresort.com\/wp-content\/uploads\/2024\/08\/cocgw4ssxx4-768x1152.jpg 768w\" sizes=\"(max-width: 800px) 100vw, 800px\" \/><\/div>\n                    <div class=\"profile-body\">\n                <h2 class=\"profile-title\">Persona 2<\/h2>\n                <p class=\"profile-designation\">Fundadora 2<\/p>\n                \n            <\/div>\n            <div class=\"profile-footer\">\n                <ul class=\"social-list\"><\/ul>\n            <\/div>\n                    \n                <\/div>\n            <\/div><\/div>\t\t\t\t<\/div>\n\t\t\t\t<\/div>\n\t\t<div class=\"elementor-element elementor-element-a77aa75 e-con-full e-flex e-con e-child\" data-id=\"a77aa75\" data-element_type=\"container\" data-e-type=\"container\">\n\t\t\t\t<div class=\"elementor-element elementor-element-fa0a2ff elementor-widget elementor-widget-jkit_team\" data-id=\"fa0a2ff\" data-element_type=\"widget\" data-e-type=\"widget\" data-widget_type=\"jkit_team.default\">\n\t\t\t\t\t<div  class=\"jeg-elementor-kit jkit-team style-default  jeg_module__3_69f3069b9beb0\" ><div class=\"profile-box\">\n                <div class=\"profile-card \">\n                    <div class=\"profile-header jkit-team-img \"><img decoding=\"async\" width=\"800\" height=\"1200\" src=\"https:\/\/www.samadhiecoresort.com\/wp-content\/uploads\/2024\/08\/cocgw4ssxx4.jpg\" class=\"attachment-full size-full\" alt=\"Persona 3\" url=\"https:\/\/www.samadhiecoresort.com\/wp-content\/uploads\/2024\/08\/cocgw4ssxx4.jpg\" source=\"library\" srcset=\"https:\/\/www.samadhiecoresort.com\/wp-content\/uploads\/2024\/08\/cocgw4ssxx4.jpg 800w, https:\/\/www.samadhiecoresort.com\/wp-content\/uploads\/2024\/08\/cocgw4ssxx4-200x300.jpg 200w, https:\/\/www.samadhiecoresort.com\/wp-content\/uploads\/2024\/08\/cocgw4ssxx4-683x1024.jpg 683w, https:\/\/www.samadhiecoresort.com\/wp-content\/uploads\/2024\/08\/cocgw4ssxx4-768x1152.jpg 768w\" sizes=\"(max-width: 800px) 100vw, 800px\" \/><\/div>\n                    <div class=\"profile-body\">\n                <h2 class=\"profile-title\">Persona 3<\/h2>\n                <p class=\"profile-designation\">Fundadora 3<\/p>\n                \n            <\/div>\n            <div class=\"profile-footer\">\n                <ul class=\"social-list\"><\/ul>\n            <\/div>\n                    \n                <\/div>\n            <\/div><\/div>\t\t\t\t<\/div>\n\t\t\t\t<\/div>\n\t\t<div class=\"elementor-element elementor-element-e82f03a e-con-full e-flex e-con e-child\" data-id=\"e82f03a\" data-element_type=\"container\" data-e-type=\"container\">\n\t\t\t\t<\/div>\n\t\t<div class=\"elementor-element elementor-element-0eda2a8 e-con-full e-flex e-con e-child\" data-id=\"0eda2a8\" data-element_type=\"container\" data-e-type=\"container\">\n\t\t\t\t<\/div>\n\t\t<div class=\"elementor-element elementor-element-6579d30 e-con-full e-flex e-con e-child\" data-id=\"6579d30\" data-element_type=\"container\" data-e-type=\"container\">\n\t\t\t\t<\/div>\n\t\t\t\t\t<\/div>\n\t\t\t\t<\/div>\n\t\t\t\t<section class=\"elementor-section elementor-top-section elementor-element elementor-element-b12d807 elementor-section-full_width elementor-section-height-default elementor-section-height-default\" data-id=\"b12d807\" data-element_type=\"section\" data-e-type=\"section\" data-settings=\"{&quot;background_background&quot;:&quot;classic&quot;}\">\n\t\t\t\t\t\t<div class=\"elementor-container elementor-column-gap-no\">\n\t\t\t\t\t<div class=\"elementor-column elementor-col-100 elementor-top-column elementor-element elementor-element-3fb4f1f\" data-id=\"3fb4f1f\" data-element_type=\"column\" data-e-type=\"column\">\n\t\t\t<div class=\"elementor-widget-wrap elementor-element-populated\">\n\t\t\t\t\t\t<div class=\"elementor-element elementor-element-2002f15 elementor-widget elementor-widget-jkit_heading\" data-id=\"2002f15\" data-element_type=\"widget\" data-e-type=\"widget\" data-settings=\"{&quot;motion_fx_motion_fx_scrolling&quot;:&quot;yes&quot;,&quot;motion_fx_devices&quot;:[&quot;desktop&quot;,&quot;tablet&quot;,&quot;mobile&quot;]}\" data-widget_type=\"jkit_heading.default\">\n\t\t\t\t\t<div  class=\"jeg-elementor-kit jkit-heading  align-center align-tablet-center align-mobile-center jeg_module__4_69f3069b9ff37\" ><h3 class=\"heading-section-subtitle  style-color\">Sellos y Certificaciones<\/h3><div class=\"heading-section-title  display-inline-block\"><h3 class=\"heading-title\">Responsabilidad y Excelencia<\/h3><\/div><div class=\"heading-section-separator\"><div class=\"separator-wrapper style-solid\"><\/div><\/div><\/div>\t\t\t\t<\/div>\n\t\t\t\t\t<\/div>\n\t\t<\/div>\n\t\t\t\t\t<\/div>\n\t\t<\/section>\n\t\t<div class=\"elementor-element elementor-element-dc41db1 e-flex e-con-boxed e-con e-parent\" data-id=\"dc41db1\" data-element_type=\"container\" data-e-type=\"container\">\n\t\t\t\t\t<div class=\"e-con-inner\">\n\t\t<div class=\"elementor-element elementor-element-198fa45 e-con-full e-flex e-con e-child\" data-id=\"198fa45\" data-element_type=\"container\" data-e-type=\"container\">\n\t\t\t\t<div class=\"elementor-element elementor-element-38a8826 elementor-widget elementor-widget-image\" data-id=\"38a8826\" data-element_type=\"widget\" data-e-type=\"widget\" data-widget_type=\"image.default\">\n\t\t\t\t\t\t\t\t\t\t\t\t\t\t\t<img loading=\"lazy\" decoding=\"async\" width=\"1382\" height=\"1452\" src=\"https:\/\/www.samadhiecoresort.com\/wp-content\/uploads\/2024\/07\/geoparque_kutralkura_alta.jpg\" class=\"attachment-full size-full wp-image-193\" alt=\"\" srcset=\"https:\/\/www.samadhiecoresort.com\/wp-content\/uploads\/2024\/07\/geoparque_kutralkura_alta.jpg 1382w, https:\/\/www.samadhiecoresort.com\/wp-content\/uploads\/2024\/07\/geoparque_kutralkura_alta-286x300.jpg 286w, https:\/\/www.samadhiecoresort.com\/wp-content\/uploads\/2024\/07\/geoparque_kutralkura_alta-975x1024.jpg 975w, https:\/\/www.samadhiecoresort.com\/wp-content\/uploads\/2024\/07\/geoparque_kutralkura_alta-768x807.jpg 768w\" sizes=\"(max-width: 1382px) 100vw, 1382px\" \/>\t\t\t\t\t\t\t\t\t\t\t\t\t\t\t<\/div>\n\t\t\t\t<\/div>\n\t\t<div class=\"elementor-element elementor-element-58c1893 e-con-full e-flex e-con e-child\" data-id=\"58c1893\" data-element_type=\"container\" data-e-type=\"container\">\n\t\t\t\t<div class=\"elementor-element elementor-element-d11f0e7 elementor-widget elementor-widget-image\" data-id=\"d11f0e7\" data-element_type=\"widget\" data-e-type=\"widget\" data-widget_type=\"image.default\">\n\t\t\t\t\t\t\t\t\t\t\t\t\t\t\t<img loading=\"lazy\" decoding=\"async\" width=\"293\" height=\"365\" src=\"https:\/\/www.samadhiecoresort.com\/wp-content\/uploads\/2024\/07\/Registro-SERNATUR-44425.png\" class=\"attachment-full size-full wp-image-707\" alt=\"\" srcset=\"https:\/\/www.samadhiecoresort.com\/wp-content\/uploads\/2024\/07\/Registro-SERNATUR-44425.png 293w, https:\/\/www.samadhiecoresort.com\/wp-content\/uploads\/2024\/07\/Registro-SERNATUR-44425-241x300.png 241w\" sizes=\"(max-width: 293px) 100vw, 293px\" \/>\t\t\t\t\t\t\t\t\t\t\t\t\t\t\t<\/div>\n\t\t\t\t<\/div>\n\t\t<div class=\"elementor-element elementor-element-4f896a4 e-con-full e-flex e-con e-child\" data-id=\"4f896a4\" data-element_type=\"container\" data-e-type=\"container\">\n\t\t\t\t<div class=\"elementor-element elementor-element-708a081 elementor-widget elementor-widget-image\" data-id=\"708a081\" data-element_type=\"widget\" data-e-type=\"widget\" data-widget_type=\"image.default\">\n\t\t\t\t\t\t\t\t\t\t\t\t\t\t\t<img loading=\"lazy\" decoding=\"async\" width=\"293\" height=\"365\" src=\"https:\/\/www.samadhiecoresort.com\/wp-content\/uploads\/2024\/07\/Registro-SERNATUR-73592.png\" class=\"attachment-full size-full wp-image-706\" alt=\"\" srcset=\"https:\/\/www.samadhiecoresort.com\/wp-content\/uploads\/2024\/07\/Registro-SERNATUR-73592.png 293w, https:\/\/www.samadhiecoresort.com\/wp-content\/uploads\/2024\/07\/Registro-SERNATUR-73592-241x300.png 241w\" sizes=\"(max-width: 293px) 100vw, 293px\" \/>\t\t\t\t\t\t\t\t\t\t\t\t\t\t\t<\/div>\n\t\t\t\t<\/div>\n\t\t<div class=\"elementor-element elementor-element-ec63c95 e-con-full e-flex e-con e-child\" data-id=\"ec63c95\" data-element_type=\"container\" data-e-type=\"container\">\n\t\t\t\t<div class=\"elementor-element elementor-element-506b36a elementor-widget elementor-widget-image\" data-id=\"506b36a\" data-element_type=\"widget\" data-e-type=\"widget\" data-widget_type=\"image.default\">\n\t\t\t\t\t\t\t\t\t\t\t\t\t\t\t<img loading=\"lazy\" decoding=\"async\" width=\"293\" height=\"365\" src=\"https:\/\/www.samadhiecoresort.com\/wp-content\/uploads\/2024\/07\/Registro-SERNATUR-79469.png\" class=\"attachment-full size-full wp-image-191\" alt=\"\" srcset=\"https:\/\/www.samadhiecoresort.com\/wp-content\/uploads\/2024\/07\/Registro-SERNATUR-79469.png 293w, https:\/\/www.samadhiecoresort.com\/wp-content\/uploads\/2024\/07\/Registro-SERNATUR-79469-241x300.png 241w\" sizes=\"(max-width: 293px) 100vw, 293px\" \/>\t\t\t\t\t\t\t\t\t\t\t\t\t\t\t<\/div>\n\t\t\t\t<\/div>\n\t\t<div class=\"elementor-element elementor-element-60c571a e-con-full e-flex e-con e-child\" data-id=\"60c571a\" data-element_type=\"container\" data-e-type=\"container\">\n\t\t\t\t<div class=\"elementor-element elementor-element-5b35195 elementor-widget elementor-widget-image\" data-id=\"5b35195\" data-element_type=\"widget\" data-e-type=\"widget\" data-widget_type=\"image.default\">\n\t\t\t\t\t\t\t\t\t\t\t\t\t\t\t<img loading=\"lazy\" decoding=\"async\" width=\"1299\" height=\"709\" src=\"https:\/\/www.samadhiecoresort.com\/wp-content\/uploads\/2024\/07\/1.-Sello-S-_-Horizontal_300.jpg\" class=\"attachment-full size-full wp-image-192\" alt=\"\" srcset=\"https:\/\/www.samadhiecoresort.com\/wp-content\/uploads\/2024\/07\/1.-Sello-S-_-Horizontal_300.jpg 1299w, https:\/\/www.samadhiecoresort.com\/wp-content\/uploads\/2024\/07\/1.-Sello-S-_-Horizontal_300-300x164.jpg 300w, https:\/\/www.samadhiecoresort.com\/wp-content\/uploads\/2024\/07\/1.-Sello-S-_-Horizontal_300-1024x559.jpg 1024w, https:\/\/www.samadhiecoresort.com\/wp-content\/uploads\/2024\/07\/1.-Sello-S-_-Horizontal_300-768x419.jpg 768w\" sizes=\"(max-width: 1299px) 100vw, 1299px\" \/>\t\t\t\t\t\t\t\t\t\t\t\t\t\t\t<\/div>\n\t\t\t\t<\/div>\n\t\t\t\t\t<\/div>\n\t\t\t\t<\/div>\n\t\t\t\t<\/div>\n\t\t","protected":false},"excerpt":{"rendered":"<p>Sobre Nosotros Nuestra Historia Conecta con nuestra historia, como nace este lindo camino Ofrecemos una experiencia de alojamiento exclusiva en el coraz\u00f3n de la Araucan\u00eda Andina, en la comuna de Vilc\u00fan. Donde entregamos a nuestros hu\u00e9spedes una estancia inmersiva que fusiona innovaciones en turismo sustentable con un genuino respeto por el entorno natural, cultural y [&hellip;]<\/p>\n","protected":false},"author":1,"featured_media":0,"parent":0,"menu_order":0,"comment_status":"closed","ping_status":"closed","template":"elementor_header_footer","meta":{"footnotes":""},"class_list":["post-177","page","type-page","status-publish","hentry"],"_links":{"self":[{"href":"https:\/\/www.samadhiecoresort.com\/en\/wp-json\/wp\/v2\/pages\/177","targetHints":{"allow":["GET"]}}],"collection":[{"href":"https:\/\/www.samadhiecoresort.com\/en\/wp-json\/wp\/v2\/pages"}],"about":[{"href":"https:\/\/www.samadhiecoresort.com\/en\/wp-json\/wp\/v2\/types\/page"}],"author":[{"embeddable":true,"href":"https:\/\/www.samadhiecoresort.com\/en\/wp-json\/wp\/v2\/users\/1"}],"replies":[{"embeddable":true,"href":"https:\/\/www.samadhiecoresort.com\/en\/wp-json\/wp\/v2\/comments?post=177"}],"version-history":[{"count":0,"href":"https:\/\/www.samadhiecoresort.com\/en\/wp-json\/wp\/v2\/pages\/177\/revisions"}],"wp:attachment":[{"href":"https:\/\/www.samadhiecoresort.com\/en\/wp-json\/wp\/v2\/media?parent=177"}],"curies":[{"name":"wp","href":"https:\/\/api.w.org\/{rel}","templated":true}]}}